{"id":181,"date":"2014-11-21T01:38:35","date_gmt":"2014-11-21T01:38:35","guid":{"rendered":"http:\/\/cleisoncarlos.com\/clientes\/?page_id=181"},"modified":"2019-03-02T04:17:09","modified_gmt":"2019-03-02T04:17:09","slug":"2o-via-de-boleto","status":"publish","type":"page","link":"https:\/\/sindica.com.br\/site\/2o-via-de-boleto\/","title":{"rendered":"2\u00ba Via de Boleto MANUAL"},"content":{"rendered":"\n<p><a href=\"http:\/\/sindica.com.br\/site\/wp-content\/uploads\/2014\/11\/boleto2via1.jpg\"><img decoding=\"async\" loading=\"lazy\" class=\"alignnone size-full wp-image-774\" src=\"http:\/\/sindica.com.br\/site\/wp-content\/uploads\/2014\/11\/boleto2via.jpg\" alt=\"\" width=\"900\" height=\"138\" srcset=\"https:\/\/sindica.com.br\/site\/wp-content\/uploads\/2014\/11\/boleto2via.jpg 900w, https:\/\/sindica.com.br\/site\/wp-content\/uploads\/2014\/11\/boleto2via-300x46.jpg 300w, https:\/\/sindica.com.br\/site\/wp-content\/uploads\/2014\/11\/boleto2via-768x118.jpg 768w\" sizes=\"(max-width: 900px) 100vw, 900px\" \/><\/a><br \/>\n<h2 style=\"text-align: justify;\">Prezado cond\u00f4mino ou inquilino, preencha os campos abaixo para\u00a0 que possamos lhe encaminhar sua segunda via atualizada<\/h2>\n<blockquote><p><span style=\"color: #4b5799;\"><strong>ATEN\u00c7\u00c3O: Somente as solicita\u00e7\u00f5es de 2\u00ba via de Boletos ser\u00e3o respondidas, demais solicita\u00e7\u00f5es, gentileza enviar para <a style=\"color: #4b5799;\" href=\"mailto:sindica@sindica.com.br\">sindica@sindica.com.br<\/a>.<\/strong> <strong>Obrigado <\/strong><\/span><\/p><\/blockquote>\n<p><span style=\"color: #4b5799;\">\u00a0<\/span><\/p>\n\n<div class=\"wpcf7 no-js\" id=\"wpcf7-f249-o1\" lang=\"pt-BR\" dir=\"ltr\">\n<div class=\"screen-reader-response\"><p role=\"status\" aria-live=\"polite\" aria-atomic=\"true\"><\/p> <ul><\/ul><\/div>\n<form action=\"\/site\/wp-json\/wp\/v2\/pages\/181#wpcf7-f249-o1\" method=\"post\" class=\"wpcf7-form init\" aria-label=\"Formul\u00e1rios de contato\" novalidate=\"novalidate\" data-status=\"init\">\n<div style=\"display: none;\">\n<input type=\"hidden\" name=\"_wpcf7\" value=\"249\" \/>\n<input type=\"hidden\" name=\"_wpcf7_version\" value=\"5.7.7\" \/>\n<input type=\"hidden\" name=\"_wpcf7_locale\" value=\"pt_BR\" \/>\n<input type=\"hidden\" name=\"_wpcf7_unit_tag\" value=\"wpcf7-f249-o1\" \/>\n<input type=\"hidden\" name=\"_wpcf7_container_post\" value=\"0\" \/>\n<input type=\"hidden\" name=\"_wpcf7_posted_data_hash\" value=\"\" \/>\n<input type=\"hidden\" name=\"_wpcf7cf_hidden_group_fields\" value=\"[]\" \/>\n<input type=\"hidden\" name=\"_wpcf7cf_hidden_groups\" value=\"[]\" \/>\n<input type=\"hidden\" name=\"_wpcf7cf_visible_groups\" value=\"[]\" \/>\n<input type=\"hidden\" name=\"_wpcf7cf_repeaters\" value=\"[]\" \/>\n<input type=\"hidden\" name=\"_wpcf7cf_steps\" value=\"{}\" \/>\n<input type=\"hidden\" name=\"_wpcf7cf_options\" value=\"{&quot;form_id&quot;:249,&quot;conditions&quot;:[],&quot;settings&quot;:{&quot;animation&quot;:&quot;no&quot;,&quot;animation_intime&quot;:&quot;200&quot;,&quot;animation_outtime&quot;:&quot;200&quot;,&quot;conditions_ui&quot;:&quot;normal&quot;,&quot;notice_dismissed&quot;:&quot;&quot;}}\" \/>\n<\/div>\n<p>Seu nome (obrigat\u00f3rio)<br \/>\n   <div class=\"form-group text-638\"><input class=\"wpcf7-form-control wpcf7-text form-control\" name=\"text-638\" type=\"text\" value=\"\" aria-invalid=\"false\"><\/div> <\/p>\n\n<p>Seu e-mail (obrigat\u00f3rio)<br \/>\n <div class=\"form-group email-249\"><input class=\"wpcf7-form-control wpcf7-text wpcf7-email wpcf7-validates-as-email form-control\" name=\"email-249\" type=\"email\" value=\"\" aria-invalid=\"false\"><\/div><\/p>\n\n\n<p>Nome do condom\u00ednio (obrigat\u00f3rio)<br \/>\n<div class=\"form-group text-242\"><input class=\"wpcf7-form-control wpcf7-text wpcf7-validates-as-required form-control\" name=\"text-242\" type=\"text\" value=\"\" aria-invalid=\"false\" aria-required=\"true\" required><\/div><\/p>\n\n\n<p>N\u00ba da sua Unidade (obrigat\u00f3rio)<br \/>\n<div class=\"form-group text-939\"><input class=\"wpcf7-form-control wpcf7-text wpcf7-validates-as-required form-control\" name=\"text-939\" type=\"text\" value=\"\" aria-invalid=\"false\" aria-required=\"true\" required><\/div>\n\n<p>M\u00eas de Compet\u00eancia (obrigat\u00f3rio)<br \/>\n<div class=\"form-group text-52\"><input class=\"wpcf7-form-control wpcf7-text form-control\" name=\"text-52\" type=\"text\" value=\"\" aria-invalid=\"false\"><\/div><\/p>\n\n<p>Dada do vencimento para pagamento (obrigat\u00f3rio)<br \/>\n<div class=\"form-group date-919\"><input class=\"wpcf7-form-control wpcf7-date wpcf7-validates-as-required wpcf7-validates-as-date form-control\" name=\"date-919\" type=\"date\" value=\"00\/00\/0000\" min=\"\" max=\"\" step=\"\" aria-invalid=\"false\" aria-required=\"true\" required><\/div><\/p>\n\n\n<p>Observa\u00e7\u00f5es<br \/>\n   <div class=\"form-group textarea-423\"><textarea class=\"wpcf7-form-control wpcf7-textarea form-control\" name=\"textarea-423\" rows=\"4\" aria-invalid=\"false\"><\/textarea><\/div> <\/p>\n\n<p><div class=\"form-group\"><div><input class=\"wpcf7-form-control wpcf7-submit btn btn-primary\" type=\"submit\" value=\"SOLICITAR 2\u00b0 VIA DE BOLETO\"><\/div><\/div><\/p><div class=\"wpcf7-response-output alert alert-warning\"><\/div>\n<\/form>\n<\/div>\n\n","protected":false},"excerpt":{"rendered":"<p>Prezado cond\u00f4mino ou inquilino, preencha os campos abaixo para\u00a0 que possamos lhe encaminhar sua segunda via atualizada ATEN\u00c7\u00c3O: Somente as solicita\u00e7\u00f5es de 2\u00ba via de Boletos ser\u00e3o respondidas, demais solicita\u00e7\u00f5es, gentileza enviar para sindica@sindica.com.br. Obrigado \u00a0<\/p>\n","protected":false},"author":1,"featured_media":0,"parent":0,"menu_order":0,"comment_status":"open","ping_status":"open","template":"full-width.php","meta":[],"_links":{"self":[{"href":"https:\/\/sindica.com.br\/site\/wp-json\/wp\/v2\/pages\/181"}],"collection":[{"href":"https:\/\/sindica.com.br\/site\/wp-json\/wp\/v2\/pages"}],"about":[{"href":"https:\/\/sindica.com.br\/site\/wp-json\/wp\/v2\/types\/page"}],"author":[{"embeddable":true,"href":"https:\/\/sindica.com.br\/site\/wp-json\/wp\/v2\/users\/1"}],"replies":[{"embeddable":true,"href":"https:\/\/sindica.com.br\/site\/wp-json\/wp\/v2\/comments?post=181"}],"version-history":[{"count":1,"href":"https:\/\/sindica.com.br\/site\/wp-json\/wp\/v2\/pages\/181\/revisions"}],"predecessor-version":[{"id":891,"href":"https:\/\/sindica.com.br\/site\/wp-json\/wp\/v2\/pages\/181\/revisions\/891"}],"wp:attachment":[{"href":"https:\/\/sindica.com.br\/site\/wp-json\/wp\/v2\/media?parent=181"}],"curies":[{"name":"wp","href":"https:\/\/api.w.org\/{rel}","templated":true}]}}