{"id":188,"date":"2014-11-21T01:43:21","date_gmt":"2014-11-21T01:43:21","guid":{"rendered":"http:\/\/cleisoncarlos.com\/clientes\/?page_id=188"},"modified":"2017-05-26T02:45:45","modified_gmt":"2017-05-26T02:45:45","slug":"trabalhe-conosco","status":"publish","type":"page","link":"https:\/\/sindica.com.br\/site\/trabalhe-conosco\/","title":{"rendered":"Trabalhe Conosco"},"content":{"rendered":"<p style=\"text-align: justify;\"><img decoding=\"async\" loading=\"lazy\" class=\"alignnone size-full wp-image-790\" src=\"http:\/\/sindica.com.br\/site\/wp-content\/uploads\/2014\/11\/trabalho_conosco.jpg\" alt=\"\" width=\"900\" height=\"200\" srcset=\"https:\/\/sindica.com.br\/site\/wp-content\/uploads\/2014\/11\/trabalho_conosco.jpg 900w, https:\/\/sindica.com.br\/site\/wp-content\/uploads\/2014\/11\/trabalho_conosco-300x67.jpg 300w, https:\/\/sindica.com.br\/site\/wp-content\/uploads\/2014\/11\/trabalho_conosco-768x171.jpg 768w\" sizes=\"(max-width: 900px) 100vw, 900px\" \/><\/p>\n<p style=\"text-align: justify;\">Por gentileza, preencha os campos com o maior n\u00famero de informa\u00e7\u00f5es poss\u00edveis , para serem enviadas ao nosso banco de dados e futuramente entrarmos em contato:<\/p>\n<p><a href=\"https:\/\/drive.google.com\/file\/d\/1JRZiNmQGogzqhE5dCFx2OVB9lIHXdQ7H\/view?usp=sharing\"><\/p>\n<h4>Relat\u00f3rio de Transpar\u00eancia e Igualdade Salarial de Mulheres e Homens &#8211; 2\u00ba Semestre 2025<\/h4>\n<p><\/a><\/p>\n<p><\/p>\n\n<div class=\"wpcf7 no-js\" id=\"wpcf7-f265-o1\" lang=\"pt-BR\" dir=\"ltr\">\n<div class=\"screen-reader-response\"><p role=\"status\" aria-live=\"polite\" aria-atomic=\"true\"><\/p> <ul><\/ul><\/div>\n<form action=\"\/site\/wp-json\/wp\/v2\/pages\/188#wpcf7-f265-o1\" method=\"post\" class=\"wpcf7-form init\" aria-label=\"Formul\u00e1rios de contato\" novalidate=\"novalidate\" data-status=\"init\">\n<div style=\"display: none;\">\n<input type=\"hidden\" name=\"_wpcf7\" value=\"265\" \/>\n<input type=\"hidden\" name=\"_wpcf7_version\" value=\"5.7.7\" \/>\n<input type=\"hidden\" name=\"_wpcf7_locale\" value=\"pt_BR\" \/>\n<input type=\"hidden\" name=\"_wpcf7_unit_tag\" value=\"wpcf7-f265-o1\" \/>\n<input type=\"hidden\" name=\"_wpcf7_container_post\" value=\"0\" \/>\n<input type=\"hidden\" name=\"_wpcf7_posted_data_hash\" value=\"\" \/>\n<input type=\"hidden\" name=\"_wpcf7cf_hidden_group_fields\" value=\"[]\" \/>\n<input type=\"hidden\" name=\"_wpcf7cf_hidden_groups\" value=\"[]\" \/>\n<input type=\"hidden\" name=\"_wpcf7cf_visible_groups\" value=\"[]\" \/>\n<input type=\"hidden\" name=\"_wpcf7cf_repeaters\" value=\"[]\" \/>\n<input type=\"hidden\" name=\"_wpcf7cf_steps\" value=\"{}\" \/>\n<input type=\"hidden\" name=\"_wpcf7cf_options\" value=\"{&quot;form_id&quot;:265,&quot;conditions&quot;:[],&quot;settings&quot;:{&quot;animation&quot;:&quot;no&quot;,&quot;animation_intime&quot;:&quot;200&quot;,&quot;animation_outtime&quot;:&quot;200&quot;,&quot;conditions_ui&quot;:&quot;normal&quot;,&quot;notice_dismissed&quot;:&quot;&quot;}}\" \/>\n<\/div>\n<h2>Informa\u00e7\u00f5es pessoais<\/h2>\n\n<p>\u00c1rea de interesse: (obrigat\u00f3rio)<br \/>\n    <div class=\"form-group menu-806\"><select class=\"wpcf7-form-control wpcf7-select wpcf7-validates-as-required form-control\" name=\"menu-806\" aria-invalid=\"false\" aria-required=\"true\" required><option value=\"Selecione ...\">Selecione ...<\/option><option value=\"Porteiro\">Porteiro<\/option><option value=\"Zelador\">Zelador<\/option><option value=\"Faxineiro\">Faxineiro<\/option><option value=\"Ascensorista\">Ascensorista<\/option><option value=\"Garagista\">Garagista<\/option><option value=\"Recepcionista\">Recepcionista<\/option><option value=\"Administrador\">Administrador<\/option><option value=\"Departamento Pessoal\">Departamento Pessoal<\/option><option value=\"Departamento Financeiro\">Departamento Financeiro<\/option><option value=\"Departamento Administrativo\">Departamento Administrativo<\/option><option value=\"Gerente Condominial\">Gerente Condominial<\/option><option value=\"Agente Operacional\">Agente Operacional<\/option><option value=\"Outras\">Outras<\/option><\/select><\/div><\/p>\n\n\n\n<p>Nome*<br \/>\n   <div class=\"form-group text-488\"><input class=\"wpcf7-form-control wpcf7-text wpcf7-validates-as-required form-control\" name=\"text-488\" type=\"text\" value=\"\" placeholder=\"Insira o seu nome\" aria-invalid=\"false\" aria-required=\"true\" required><\/div> <\/p>\n\n<p>E-mail:<br \/>\n<div class=\"form-group email-36\"><input class=\"wpcf7-form-control wpcf7-text wpcf7-email wpcf7-validates-as-email form-control\" name=\"email-36\" type=\"email\" value=\"\" placeholder=\"Digite seu email\" aria-invalid=\"false\"><\/div> <\/p>\n\n\n<p>Telefone:<br \/>\n   <div class=\"form-group tel-15\"><input class=\"wpcf7-form-control wpcf7-text wpcf7-tel wpcf7-validates-as-required wpcf7-validates-as-tel phone form-control\" name=\"tel-15\" type=\"tel\" value=\"\" placeholder=\"(00) X0000-0000\" aria-invalid=\"false\" aria-required=\"true\" required><\/div> <\/p>\n\n\n<h2>Endere\u00e7o<\/h2>\n\n<p>Rua*<br \/>\n  <div class=\"form-group text-99\"><input class=\"wpcf7-form-control wpcf7-text wpcf7-validates-as-required form-control\" name=\"text-99\" type=\"text\" value=\"\" aria-invalid=\"false\" aria-required=\"true\" required><\/div><\/p>\n\n<p>N\u00famero*<br \/>\n    <div class=\"form-group text-39\"><input class=\"wpcf7-form-control wpcf7-text wpcf7-validates-as-required form-control\" name=\"text-39\" type=\"text\" value=\"\" aria-invalid=\"false\" aria-required=\"true\" required><\/div> <\/p>\n\n<p>Complemento:<br \/>\n<div class=\"form-group text-677\"><input class=\"wpcf7-form-control wpcf7-text form-control\" name=\"text-677\" type=\"text\" value=\"\" aria-invalid=\"false\"><\/div><\/p>\n\n<p>Bairro*<br \/>\n   <div class=\"form-group text-299\"><input class=\"wpcf7-form-control wpcf7-text wpcf7-validates-as-required form-control\" name=\"text-299\" type=\"text\" value=\"\" aria-invalid=\"false\" aria-required=\"true\" required><\/div> <\/p>\n\n\n<p>Cidade*<br \/>\n   <div class=\"form-group text-219\"><input class=\"wpcf7-form-control wpcf7-text wpcf7-validates-as-required form-control\" name=\"text-219\" type=\"text\" value=\"\" aria-invalid=\"false\" aria-required=\"true\" required><\/div> <\/p>\n\n\n<p>Uf:<br \/>\n    <div class=\"form-group menu-355\"><select class=\"wpcf7-form-control wpcf7-select wpcf7-validates-as-required form-control\" name=\"menu-355\" aria-invalid=\"false\" aria-required=\"true\" required><option value=\"Selecione...\">Selecione...<\/option><option value=\"AL\">AL<\/option><option value=\"AP\">AP<\/option><option value=\"AM\">AM<\/option><option value=\"BA\">BA<\/option><option value=\"CE\">CE<\/option><option value=\"DF\">DF<\/option><option value=\"ES\">ES<\/option><option value=\"GO\">GO<\/option><option value=\"MA\">MA<\/option><option value=\"MT\">MT<\/option><option value=\"MS\">MS<\/option><option value=\"MG\">MG<\/option><option value=\"PA\">PA<\/option><option value=\"PB\">PB<\/option><option value=\"PR\">PR<\/option><option value=\"PE\">PE<\/option><option value=\"PI\">PI<\/option><option value=\"RJ\">RJ<\/option><option value=\"RN\">RN<\/option><option value=\"RS\">RS<\/option><option value=\"RO\">RO<\/option><option value=\"RR\">RR<\/option><option value=\"SC\">SC<\/option><option value=\"SP\">SP<\/option><option value=\"SE\">SE<\/option><option value=\"TO\">TO<\/option><\/select><\/div> <\/p>\n\n\n\n<p>Data de nascimento <br \/>\n <div class=\"form-group text-998\"><input class=\"wpcf7-form-control wpcf7-text date form-control\" name=\"text-998\" type=\"text\" value=\"\" placeholder=\"00\/00\/0000\" aria-invalid=\"false\"><\/div><\/p>\n\n\n<p>Idade (obrigat\u00f3rio)<br \/>\n<div class=\"form-group number-788\"><input class=\"wpcf7-form-control wpcf7-number wpcf7-validates-as-required wpcf7-validates-as-number form-control\" name=\"number-788\" type=\"number\" value=\"\" min=\"\" max=\"\" step=\"\" aria-invalid=\"false\" aria-required=\"true\" required><\/div><\/p>\n\n\n\n\n<p>N\u00ba RG*<br \/>\n  <div class=\"form-group text-930\"><input class=\"wpcf7-form-control wpcf7-text wpcf7-validates-as-required form-control\" name=\"text-930\" type=\"text\" value=\"\" placeholder=\"0000-00\" aria-invalid=\"false\" aria-required=\"true\" required><\/div> <\/p>\n\n<p>N\u00ba CPF *<br \/>\n   <div class=\"form-group text-480\"><input class=\"wpcf7-form-control wpcf7-text wpcf7-validates-as-required cpf form-control\" name=\"text-480\" type=\"text\" value=\"\" placeholder=\"000.000.000-00\" aria-invalid=\"false\" aria-required=\"true\" required><\/div><\/p> \n\n\n<p>Possui CNH ( Carteira nacional de habilita\u00e7\u00e3o) ?<br \/>\n  <div class=\"form-group wpcf7-form-control wpcf7-checkbox checkbox-362 form-check-inline\"><div class=\"checkbox\"><label ><input name=\"checkbox-362[]\" type=\"checkbox\" value=\"&nbsp;SIM&nbsp;\" aria-invalid=\"false\">&nbsp;SIM&nbsp;<\/label><\/div><div class=\"checkbox\"><label ><input name=\"checkbox-362[]\" type=\"checkbox\" value=\"&nbsp;N\u00c3O&nbsp;\" aria-invalid=\"false\">&nbsp;N\u00c3O&nbsp;<\/label><\/div><\/div><\/p>\n\n\n<p>Se possui, qual ?<br \/>\n <div class=\"form-group text-168\"><input class=\"wpcf7-form-control wpcf7-text form-control\" name=\"text-168\" type=\"text\" value=\"\" aria-invalid=\"false\"><\/div><\/p>\n\n\n<p>N\u00edvel Escolaridade*<br \/>\n <div class=\"form-group menu-394\"><select class=\"wpcf7-form-control wpcf7-select form-control\" name=\"menu-394\" aria-invalid=\"false\"><option value=\"Selecione ...\">Selecione ...<\/option><option value=\"Fundamental incompleto\">Fundamental incompleto<\/option><option value=\"Fundamental completo\">Fundamental completo<\/option><option value=\"M\u00e9dio incompleto\">M\u00e9dio incompleto<\/option><option value=\"M\u00e9dio completo\">M\u00e9dio completo<\/option><option value=\"Superior incompleto\">Superior incompleto<\/option><option value=\"Superior completo\">Superior completo<\/option><\/select><\/div> <\/p>\n\n<p>Curso:<br \/>\n<div class=\"form-group text-967\"><input class=\"wpcf7-form-control wpcf7-text form-control\" name=\"text-967\" type=\"text\" value=\"\" aria-invalid=\"false\"><\/div> <\/p>\n\n<p>Institui\u00e7\u00e3o:<br \/>\n <div class=\"form-group text-333\"><input class=\"wpcf7-form-control wpcf7-text form-control\" name=\"text-333\" type=\"text\" value=\"\" aria-invalid=\"false\"><\/div> <\/p>\n\n\n<h2>\u00daltimas experi\u00eancias de trabalho<\/h2>\n\n<p>Nome da ultima empresa que trabalhou:<br\/>\n<div class=\"form-group nome-empresa\"><input class=\"wpcf7-form-control wpcf7-text form-control\" name=\"nome-empresa\" type=\"text\" value=\"\" aria-invalid=\"false\"><\/div><\/p>\n\n\n\n<p>Data de entrada:<br\/>\n<div class=\"form-group date-inicio\"><input class=\"wpcf7-form-control wpcf7-date wpcf7-validates-as-date date form-control\" name=\"date-inicio\" type=\"date\" value=\"\" placeholder=\"00\/00\/0000\" min=\"\" max=\"\" step=\"\" aria-invalid=\"false\"><\/div><\/p>\n\n\n<p>Data de saida:<br\/>\n<div class=\"form-group date-saida\"><input class=\"wpcf7-form-control wpcf7-date wpcf7-validates-as-date date form-control\" name=\"date-saida\" type=\"date\" value=\"\" placeholder=\"00\/00\/0000\" min=\"\" max=\"\" step=\"\" aria-invalid=\"false\"><\/div>\n<\/p>\n\n<p>Cargo\/Fun\u00e7\u00e3o:<br\/>\n<div class=\"form-group cargo-funcao\"><input class=\"wpcf7-form-control wpcf7-text form-control\" name=\"cargo-funcao\" type=\"text\" value=\"\" aria-invalid=\"false\"><\/div><\/p>\n\n\n<p>Atividades realizadas:<br\/>\n<div class=\"form-group atividades-realizadas\"><textarea class=\"wpcf7-form-control wpcf7-textarea form-control\" name=\"atividades-realizadas\" rows=\"4\" aria-invalid=\"false\"><\/textarea><\/div><\/p>\n\n<p>Motivos de sa\u00edda:<br\/>\n<div class=\"form-group motivos-saida\"><textarea class=\"wpcf7-form-control wpcf7-textarea form-control\" name=\"motivos-saida\" rows=\"4\" aria-invalid=\"false\"><\/textarea><\/div><\/p>\n\n\n<p>Descreva outras experi\u00eancias profissionais anteriores<br \/>\n<div class=\"form-group textarea-654\"><textarea class=\"wpcf7-form-control wpcf7-textarea form-control\" name=\"textarea-654\" rows=\"4\" aria-invalid=\"false\"><\/textarea><\/div><\/p>\n\n\n\n<h2>Conhecimento de inform\u00e1tica<\/h2>\n\n\nWord: <br \/>\n   <div class=\"form-group wpcf7-form-control wpcf7-radio radio-935 form-check-inline\"><div class=\"radio\"><label><input name=\"radio-935\" type=\"radio\" value=\"&nbsp;Sim&nbsp;\" aria-invalid=\"false\" aria-required=\"true\" required>&nbsp;Sim&nbsp;<\/label><\/div><div class=\"radio\"><label><input name=\"radio-935\" type=\"radio\" value=\"&nbsp;N\u00e3o\" aria-invalid=\"false\" aria-required=\"true\" required>&nbsp;N\u00e3o<\/label><\/div><\/div>\n\n<p>Excel: <br \/>\n  <div class=\"form-group wpcf7-form-control wpcf7-radio radio-557 form-check-inline\"><div class=\"radio\"><label><input name=\"radio-557\" type=\"radio\" value=\"&nbsp;Sim&nbsp;\" aria-invalid=\"false\" aria-required=\"true\" required>&nbsp;Sim&nbsp;<\/label><\/div><div class=\"radio\"><label><input name=\"radio-557\" type=\"radio\" value=\"&nbsp;N\u00e3o\" aria-invalid=\"false\" aria-required=\"true\" required>&nbsp;N\u00e3o<\/label><\/div><\/div> <\/p>\n\n<p>Internet: <br \/>\n    <div class=\"form-group wpcf7-form-control wpcf7-radio radio-988 form-check-inline\"><div class=\"radio\"><label><input name=\"radio-988\" type=\"radio\" value=\"&nbsp;Sim&nbsp;\" aria-invalid=\"false\" aria-required=\"true\" required>&nbsp;Sim&nbsp;<\/label><\/div><div class=\"radio\"><label><input name=\"radio-988\" type=\"radio\" value=\"&nbsp;N\u00e3o\" aria-invalid=\"false\" aria-required=\"true\" required>&nbsp;N\u00e3o<\/label><\/div><\/div><\/p>\n\n<p>Tem experi\u00eancia com algum sistema de automa\u00e7\u00e3o:<br \/>\n   <div class=\"form-group wpcf7-form-control wpcf7-radio radio-399 form-check-inline\"><div class=\"radio\"><label><input name=\"radio-399\" type=\"radio\" value=\"&nbsp;Sim&nbsp;\" aria-invalid=\"false\" aria-required=\"true\" required>&nbsp;Sim&nbsp;<\/label><\/div><div class=\"radio\"><label><input name=\"radio-399\" type=\"radio\" value=\"&nbsp;N\u00e3o\" aria-invalid=\"false\" aria-required=\"true\" required>&nbsp;N\u00e3o<\/label><\/div><\/div><\/p>\n\n<p>Se sim qual o nome? <br \/>\n<div class=\"form-group text-245\"><input class=\"wpcf7-form-control wpcf7-text form-control\" name=\"text-245\" type=\"text\" value=\"\" aria-invalid=\"false\"><\/div><\/p>\n\n<p>Enviar curr\u00edculo em anexo: <br \/>\n\n<div class=\"alert alert-warning\">\nOs tipos de arquivos suportados s\u00e3o .doc, .pdf e .docx com no m\u00e1ximo 4mb de tamanho\n<\/div>\n<div class=\"form-group envia_curric\"><input class=\"wpcf7-form-control wpcf7-file \" name=\"envia_curric\" type=\"file\" aria-invalid=\"false\"><\/div> <\/p>\n<\/br>\n\n<div class=\"form-group wpcf7-form-control wpcf7-acceptance aceitar-contrato\"><div class=\"checkbox wpcf7-form-control wpcf7-acceptance aceitar-contrato\"><label ><input name=\"aceitar-contrato\" type=\"checkbox\" value=\"1\" aria-invalid=\"false\">&nbsp;Declaro ter lido todos os termos e <a href=\"https:\/\/sindica.com.br\/site\/politica-de-privacidade\/\">Pol\u00edticas de privacidade<\/a><\/label><\/div><\/div> .\n\n\n<div class=\"form-group\"><div><input class=\"wpcf7-form-control wpcf7-submit btn btn-primary\" type=\"submit\" value=\"ENVIAR CURR\u00cdCULO\"><\/div><\/div><div class=\"wpcf7-response-output alert alert-warning\"><\/div>\n<\/form>\n<\/div>\n\n","protected":false},"excerpt":{"rendered":"<p>Por gentileza, preencha os campos com o maior n\u00famero de informa\u00e7\u00f5es poss\u00edveis , para serem enviadas ao nosso banco de dados e futuramente entrarmos em contato: Relat\u00f3rio de Transpar\u00eancia e Igualdade Salarial de Mulheres e Homens &#8211; 2\u00ba Semestre 2025<\/p>\n","protected":false},"author":1,"featured_media":0,"parent":0,"menu_order":0,"comment_status":"open","ping_status":"open","template":"full-width.php","meta":[],"_links":{"self":[{"href":"https:\/\/sindica.com.br\/site\/wp-json\/wp\/v2\/pages\/188"}],"collection":[{"href":"https:\/\/sindica.com.br\/site\/wp-json\/wp\/v2\/pages"}],"about":[{"href":"https:\/\/sindica.com.br\/site\/wp-json\/wp\/v2\/types\/page"}],"author":[{"embeddable":true,"href":"https:\/\/sindica.com.br\/site\/wp-json\/wp\/v2\/users\/1"}],"replies":[{"embeddable":true,"href":"https:\/\/sindica.com.br\/site\/wp-json\/wp\/v2\/comments?post=188"}],"version-history":[{"count":0,"href":"https:\/\/sindica.com.br\/site\/wp-json\/wp\/v2\/pages\/188\/revisions"}],"wp:attachment":[{"href":"https:\/\/sindica.com.br\/site\/wp-json\/wp\/v2\/media?parent=188"}],"curies":[{"name":"wp","href":"https:\/\/api.w.org\/{rel}","templated":true}]}}