{"id":254,"date":"2014-11-29T03:11:17","date_gmt":"2014-11-29T03:11:17","guid":{"rendered":"http:\/\/sindica.com.br\/site\/?page_id=254"},"modified":"2017-05-26T02:43:55","modified_gmt":"2017-05-26T02:43:55","slug":"proposta-2","status":"publish","type":"page","link":"https:\/\/sindica.com.br\/site\/proposta-2\/","title":{"rendered":"Proposta"},"content":{"rendered":"<p style=\"text-align: justify;\"><img decoding=\"async\" loading=\"lazy\" class=\"alignnone size-full wp-image-788\" src=\"http:\/\/sindica.com.br\/site\/wp-content\/uploads\/2014\/11\/proposta_solicite.jpg\" alt=\"\" width=\"900\" height=\"200\" srcset=\"https:\/\/sindica.com.br\/site\/wp-content\/uploads\/2014\/11\/proposta_solicite.jpg 900w, https:\/\/sindica.com.br\/site\/wp-content\/uploads\/2014\/11\/proposta_solicite-300x67.jpg 300w, https:\/\/sindica.com.br\/site\/wp-content\/uploads\/2014\/11\/proposta_solicite-768x171.jpg 768w\" sizes=\"(max-width: 900px) 100vw, 900px\" \/><\/p>\n<p style=\"text-align: justify;\">Teremos uma grande satisfa\u00e7\u00e3o e manter uma parceria com o seu condom\u00ednio, ent\u00e3o nos responda por gentileza, as informa\u00e7\u00f5es abaixo:<\/p>\n\n<div class=\"wpcf7 no-js\" id=\"wpcf7-f253-o1\" lang=\"pt-BR\" dir=\"ltr\">\n<div class=\"screen-reader-response\"><p role=\"status\" aria-live=\"polite\" aria-atomic=\"true\"><\/p> <ul><\/ul><\/div>\n<form action=\"\/site\/wp-json\/wp\/v2\/pages\/254#wpcf7-f253-o1\" method=\"post\" class=\"wpcf7-form init\" aria-label=\"Formul\u00e1rios de contato\" novalidate=\"novalidate\" data-status=\"init\">\n<div style=\"display: none;\">\n<input type=\"hidden\" name=\"_wpcf7\" value=\"253\" \/>\n<input type=\"hidden\" name=\"_wpcf7_version\" value=\"5.7.7\" \/>\n<input type=\"hidden\" name=\"_wpcf7_locale\" value=\"pt_BR\" \/>\n<input type=\"hidden\" name=\"_wpcf7_unit_tag\" value=\"wpcf7-f253-o1\" \/>\n<input type=\"hidden\" name=\"_wpcf7_container_post\" value=\"0\" \/>\n<input type=\"hidden\" name=\"_wpcf7_posted_data_hash\" value=\"\" \/>\n<input type=\"hidden\" name=\"_wpcf7cf_hidden_group_fields\" value=\"[]\" \/>\n<input type=\"hidden\" name=\"_wpcf7cf_hidden_groups\" value=\"[]\" \/>\n<input type=\"hidden\" name=\"_wpcf7cf_visible_groups\" value=\"[]\" \/>\n<input type=\"hidden\" name=\"_wpcf7cf_repeaters\" value=\"[]\" \/>\n<input type=\"hidden\" name=\"_wpcf7cf_steps\" value=\"{}\" \/>\n<input type=\"hidden\" name=\"_wpcf7cf_options\" value=\"{&quot;form_id&quot;:253,&quot;conditions&quot;:[{&quot;then_field&quot;:&quot;maodeobra&quot;,&quot;and_rules&quot;:[{&quot;if_field&quot;:&quot;maomenu&quot;,&quot;operator&quot;:&quot;equals&quot;,&quot;if_value&quot;:&quot;SIM&quot;}]}],&quot;settings&quot;:{&quot;animation&quot;:&quot;no&quot;,&quot;animation_intime&quot;:&quot;200&quot;,&quot;animation_outtime&quot;:&quot;200&quot;,&quot;conditions_ui&quot;:&quot;normal&quot;,&quot;notice_dismissed&quot;:&quot;&quot;}}\" \/>\n<\/div>\n<h2>CONTATOS<\/h2>\n\n<p> Nome do s\u00edndico:<br \/>\n   <div class=\"form-group text-469\"><input class=\"wpcf7-form-control wpcf7-text wpcf7-validates-as-required form-control\" name=\"text-469\" type=\"text\" value=\"\" aria-invalid=\"false\" aria-required=\"true\" required><\/div> <\/p>\n\n<p>N\u00ba da unidade do S\u00edndico:<br \/>\n    <div class=\"form-group text-658\"><input class=\"wpcf7-form-control wpcf7-text form-control\" name=\"text-658\" type=\"text\" value=\"\" aria-invalid=\"false\"><\/div> <\/p>\n\n<p>Nome do solicitante desta proposta:<br \/>\n    <div class=\"form-group text-546\"><input class=\"wpcf7-form-control wpcf7-text wpcf7-validates-as-required form-control\" name=\"text-546\" type=\"text\" value=\"\" aria-invalid=\"false\" aria-required=\"true\" required><\/div> <\/p>\n\n<p>Rela\u00e7\u00e3o do solicitante com o cond\u00f4mino:<br \/>\n   <div class=\"form-group menu-518\"><select class=\"wpcf7-form-control wpcf7-select wpcf7-validates-as-required form-control\" name=\"menu-518\" aria-invalid=\"false\" aria-required=\"true\" required><option value=\"Funcion\u00e1rio\">Funcion\u00e1rio<\/option><option value=\"S\u00edndico\">S\u00edndico<\/option><option value=\"Membro da Comiss\u00e3o Administrativa\">Membro da Comiss\u00e3o Administrativa<\/option><option value=\"Membro do conselho fiscal\">Membro do conselho fiscal<\/option><option value=\"Cond\u00f4mino\">Cond\u00f4mino<\/option><option value=\"Outros\">Outros<\/option><\/select><\/div> <\/p>\n\n<p>Telefone: <br \/>\n    <div class=\"form-group tel-255\"><input class=\"wpcf7-form-control wpcf7-text wpcf7-tel wpcf7-validates-as-required wpcf7-validates-as-tel form-control\" name=\"tel-255\" type=\"tel\" value=\"\" aria-invalid=\"false\" aria-required=\"true\" required><\/div><\/p>\n\n<p>Celular:<br \/>\n    <div class=\"form-group tel-384\"><input class=\"wpcf7-form-control wpcf7-text wpcf7-tel wpcf7-validates-as-tel form-control\" name=\"tel-384\" type=\"tel\" value=\"\" aria-invalid=\"false\"><\/div> <\/p>\n\n<p>E-mail para contato<br \/>\n<div class=\"form-group email-622\"><input class=\"wpcf7-form-control wpcf7-text wpcf7-email wpcf7-validates-as-required wpcf7-validates-as-email form-control\" name=\"email-622\" type=\"email\" value=\"\" aria-invalid=\"false\" aria-required=\"true\" required><\/div><\/p>\n\n\n<h2>DADOS DO CONDOM\u00cdNIO<\/h2>\n\n<p>Nome do Condom\u00ednio:<br \/>\n  <div class=\"form-group text-818\"><input class=\"wpcf7-form-control wpcf7-text wpcf7-validates-as-required form-control\" name=\"text-818\" type=\"text\" value=\"\" aria-invalid=\"false\" aria-required=\"true\" required><\/div> <\/p>\n\n\n<p>Endere\u00e7o completo:<br \/>\n    <div class=\"form-group text-783\"><input class=\"wpcf7-form-control wpcf7-text wpcf7-validates-as-required form-control\" name=\"text-783\" type=\"text\" value=\"\" aria-invalid=\"false\" aria-required=\"true\" required><\/div> <\/p>\n\n\n\n<h2>SERVI\u00c7OS DE INTERESSE<\/h2>\n\n<div class=\"form-group wpcf7-form-control wpcf7-checkbox checkbox-153\"><div class=\"checkbox\"><label ><input name=\"checkbox-153[]\" type=\"checkbox\" value=\"&nbsp;Assessoria administrativa\" aria-invalid=\"false\">&nbsp;Assessoria administrativa<\/label><\/div><div class=\"checkbox\"><label ><input name=\"checkbox-153[]\" type=\"checkbox\" value=\"&nbsp;Registro de conven\u00e7\u00e3o\" aria-invalid=\"false\">&nbsp;Registro de conven\u00e7\u00e3o<\/label><\/div><div class=\"checkbox\"><label ><input name=\"checkbox-153[]\" type=\"checkbox\" value=\"&nbsp;Assessorias em assembleias\" aria-invalid=\"false\">&nbsp;Assessorias em assembleias<\/label><\/div><\/div>\n\n\n\n<h5>Deseja contratar M\u00e3o-de-obra terceirizada<\/h5>\n<div class=\"form-group maomenu\"><select class=\"wpcf7-form-control wpcf7-select wpcf7-validates-as-required form-control\" name=\"maomenu\" aria-invalid=\"false\" aria-required=\"true\" required><option value=\"N\u00c3O\">N\u00c3O<\/option><option value=\"SIM\">SIM<\/option><\/select><\/div>\n\n\n\n\n\n<div data-id=\"maodeobra\" data-orig_data_id=\"maodeobra\"  data-class=\"wpcf7cf_group\">\n<div class=\"alert alert-secondary p-2\">\n\n<h5>Selecone a m\u00e3o-de-obra<\/h5>\n\n<p>Quantidade de Porteiros:<br \/>\n<div class=\"form-group numPorteiros\"><input class=\"wpcf7-form-control wpcf7-number wpcf7-validates-as-number form-control\" name=\"numPorteiros\" type=\"number\" value=\"\" min=\"0\" max=\"99\" step=\"\" aria-invalid=\"false\"><\/div><\/p>\n\n<p>Quantidade de Faxineiros:<br \/>\n<div class=\"form-group numFaxineiros\"><input class=\"wpcf7-form-control wpcf7-number wpcf7-validates-as-number form-control\" name=\"numFaxineiros\" type=\"number\" value=\"\" min=\"0\" max=\"99\" step=\"\" aria-invalid=\"false\"><\/div><\/p>\n\n<p>Quantidade de Zeladores:<br \/>\n<div class=\"form-group numZeladores\"><input class=\"wpcf7-form-control wpcf7-number wpcf7-validates-as-number form-control\" name=\"numZeladores\" type=\"number\" value=\"\" min=\"0\" max=\"99\" step=\"\" aria-invalid=\"false\"><\/div><\/p>\n<\/div>\n<\/div>\n\n\n\n\n\n\n\n\n\n\n\n\n\n\n\n\n<h2>M\u00c3O DE OBRA DO CONDOM\u00cdNIO<\/h2>\n\n<p>Total de Administrador:<br \/>\n    <div class=\"form-group text-904\"><input class=\"wpcf7-form-control wpcf7-text form-control\" name=\"text-904\" type=\"text\" value=\"\" aria-invalid=\"false\"><\/div> <\/p>\n\n<p>Total de Zelador:<br \/>\n    <div class=\"form-group text-911\"><input class=\"wpcf7-form-control wpcf7-text form-control\" name=\"text-911\" type=\"text\" value=\"\" aria-invalid=\"false\"><\/div> <\/p>\n\n<p>Total de Porteiros:<br \/>\n   <div class=\"form-group text-204\"><input class=\"wpcf7-form-control wpcf7-text form-control\" name=\"text-204\" type=\"text\" value=\"\" aria-invalid=\"false\"><\/div> <\/p>\n\n<p>Total de Rondantes:<br \/>\n   <div class=\"form-group text-15\"><input class=\"wpcf7-form-control wpcf7-text form-control\" name=\"text-15\" type=\"text\" value=\"\" aria-invalid=\"false\"><\/div> <\/p>\n\n<p>Total de Faxineiros:<br \/>\n   <div class=\"form-group text-939\"><input class=\"wpcf7-form-control wpcf7-text form-control\" name=\"text-939\" type=\"text\" value=\"\" aria-invalid=\"false\"><\/div><\/p>\n\n\n<p>Outros:<br \/>\n    <div class=\"form-group text-520\"><input class=\"wpcf7-form-control wpcf7-text form-control\" name=\"text-520\" type=\"text\" value=\"\" aria-invalid=\"false\"><\/div> <\/p>\n\n\n<p>Tipo de Gest\u00e3o Atual:<br \/>\n   <div class=\"form-group menu-442\"><select class=\"wpcf7-form-control wpcf7-select form-control\" name=\"menu-442\" aria-invalid=\"false\"><option value=\"Selecione...\">Selecione...<\/option><option value=\"M\u00e3o de obra Pr\u00f3pria\">M\u00e3o de obra Pr\u00f3pria<\/option><option value=\"M\u00e3o de Obra Terceirizada\">M\u00e3o de Obra Terceirizada<\/option><option value=\"Mista\">Mista<\/option><\/select><\/div><\/p>\n\n\n\n<p>Tipo de Gest\u00e3o que pretende:<br \/>\n <div class=\"form-group menu-245\"><select class=\"wpcf7-form-control wpcf7-select form-control\" name=\"menu-245\" aria-invalid=\"false\"><option value=\"Selecione...\">Selecione...<\/option><option value=\"Manter\">Manter<\/option><option value=\"M\u00e3o de Obra Terceirizada\">M\u00e3o de Obra Terceirizada<\/option><option value=\"M\u00e3o de obra Pr\u00f3pria.\">M\u00e3o de obra Pr\u00f3pria.<\/option><\/select><\/div> <\/p>\n\n\n<h2>PESQUISA OPCIONAL<\/h2>\n\n<p>Como conheceu a Empresa S\u00cdNDICA\u00ae?<br \/>\n    <div class=\"form-group wpcf7-form-control wpcf7-checkbox checkbox-908\"><div class=\"checkbox\"><label ><input name=\"checkbox-908[]\" type=\"checkbox\" value=\"&nbsp;Pesquisa do Google\" aria-invalid=\"false\">&nbsp;Pesquisa do Google<\/label><\/div><div class=\"checkbox\"><label ><input name=\"checkbox-908[]\" type=\"checkbox\" value=\"&nbsp;Instagram\" aria-invalid=\"false\">&nbsp;Instagram<\/label><\/div><div class=\"checkbox\"><label ><input name=\"checkbox-908[]\" type=\"checkbox\" value=\"&nbsp;Jornal ou Revista\" aria-invalid=\"false\">&nbsp;Jornal ou Revista<\/label><\/div><div class=\"checkbox\"><label ><input name=\"checkbox-908[]\" type=\"checkbox\" value=\"&nbsp;Indica\u00e7\u00e3o\" aria-invalid=\"false\">&nbsp;Indica\u00e7\u00e3o<\/label><\/div><div class=\"checkbox\"><label ><input name=\"checkbox-908[]\" type=\"checkbox\" value=\"&nbsp;Morou em condom\u00ednio administrado pela Empresa S\u00cdNDICA\u00ae\" aria-invalid=\"false\">&nbsp;Morou em condom\u00ednio administrado pela Empresa S\u00cdNDICA\u00ae<\/label><\/div><div class=\"checkbox\"><label ><input name=\"checkbox-908[]\" type=\"checkbox\" value=\"&nbsp; Outros\" aria-invalid=\"false\">&nbsp; Outros<\/label><\/div><\/div> <\/p>\n\n<p><div class=\"form-group\"><div><input class=\"wpcf7-form-control wpcf7-submit btn btn-primary\" type=\"submit\" value=\"ENVIAR PROPOSTA\"><\/div><\/div><\/p><div class=\"wpcf7-response-output alert alert-warning\"><\/div>\n<\/form>\n<\/div>\n\n","protected":false},"excerpt":{"rendered":"<p>Teremos uma grande satisfa\u00e7\u00e3o e manter uma parceria com o seu condom\u00ednio, ent\u00e3o nos responda por gentileza, as informa\u00e7\u00f5es abaixo:<\/p>\n","protected":false},"author":1,"featured_media":0,"parent":0,"menu_order":0,"comment_status":"open","ping_status":"open","template":"full-width.php","meta":[],"_links":{"self":[{"href":"https:\/\/sindica.com.br\/site\/wp-json\/wp\/v2\/pages\/254"}],"collection":[{"href":"https:\/\/sindica.com.br\/site\/wp-json\/wp\/v2\/pages"}],"about":[{"href":"https:\/\/sindica.com.br\/site\/wp-json\/wp\/v2\/types\/page"}],"author":[{"embeddable":true,"href":"https:\/\/sindica.com.br\/site\/wp-json\/wp\/v2\/users\/1"}],"replies":[{"embeddable":true,"href":"https:\/\/sindica.com.br\/site\/wp-json\/wp\/v2\/comments?post=254"}],"version-history":[{"count":0,"href":"https:\/\/sindica.com.br\/site\/wp-json\/wp\/v2\/pages\/254\/revisions"}],"wp:attachment":[{"href":"https:\/\/sindica.com.br\/site\/wp-json\/wp\/v2\/media?parent=254"}],"curies":[{"name":"wp","href":"https:\/\/api.w.org\/{rel}","templated":true}]}}