{"id":30,"date":"2014-10-25T04:09:01","date_gmt":"2014-10-25T04:09:01","guid":{"rendered":"http:\/\/cleisoncarlos.com\/clientes\/?page_id=30"},"modified":"2017-05-26T02:47:19","modified_gmt":"2017-05-26T02:47:19","slug":"contato","status":"publish","type":"page","link":"https:\/\/sindica.com.br\/site\/contato\/","title":{"rendered":"Contato"},"content":{"rendered":"<p><img decoding=\"async\" loading=\"lazy\" class=\"alignnone size-full wp-image-792\" src=\"http:\/\/sindica.com.br\/site\/wp-content\/uploads\/2014\/10\/fale.jpg\" alt=\"\" width=\"900\" height=\"200\" srcset=\"https:\/\/sindica.com.br\/site\/wp-content\/uploads\/2014\/10\/fale.jpg 900w, https:\/\/sindica.com.br\/site\/wp-content\/uploads\/2014\/10\/fale-300x67.jpg 300w, https:\/\/sindica.com.br\/site\/wp-content\/uploads\/2014\/10\/fale-768x171.jpg 768w\" sizes=\"(max-width: 900px) 100vw, 900px\" \/><\/p>\n<p>Teremos grande satisfa\u00e7\u00e3o em atend\u00ea-lo.<br \/>\nD\u00favidas, sugest\u00f5es, reclama\u00e7\u00f5es ou elogios, preencha o formul\u00e1rio abaixo ou ligue para os fones:<\/p>\n<p>(91) 3259-2220 \/ (91) 3259-1867 \/ (91) 98136-0060 \/ (91) 98869-5363 \/ (91) 99131-2075<\/p>\n\n<div class=\"wpcf7 no-js\" id=\"wpcf7-f205-o1\" lang=\"pt-BR\" dir=\"ltr\">\n<div class=\"screen-reader-response\"><p role=\"status\" aria-live=\"polite\" aria-atomic=\"true\"><\/p> <ul><\/ul><\/div>\n<form action=\"\/site\/wp-json\/wp\/v2\/pages\/30#wpcf7-f205-o1\" method=\"post\" class=\"wpcf7-form init\" aria-label=\"Formul\u00e1rios de contato\" novalidate=\"novalidate\" data-status=\"init\">\n<div style=\"display: none;\">\n<input type=\"hidden\" name=\"_wpcf7\" value=\"205\" \/>\n<input type=\"hidden\" name=\"_wpcf7_version\" value=\"5.7.7\" \/>\n<input type=\"hidden\" name=\"_wpcf7_locale\" value=\"pt_BR\" \/>\n<input type=\"hidden\" name=\"_wpcf7_unit_tag\" value=\"wpcf7-f205-o1\" \/>\n<input type=\"hidden\" name=\"_wpcf7_container_post\" value=\"0\" \/>\n<input type=\"hidden\" name=\"_wpcf7_posted_data_hash\" value=\"\" \/>\n<input type=\"hidden\" name=\"_wpcf7cf_hidden_group_fields\" value=\"[]\" \/>\n<input type=\"hidden\" name=\"_wpcf7cf_hidden_groups\" value=\"[]\" \/>\n<input type=\"hidden\" name=\"_wpcf7cf_visible_groups\" value=\"[]\" \/>\n<input type=\"hidden\" name=\"_wpcf7cf_repeaters\" value=\"[]\" \/>\n<input type=\"hidden\" name=\"_wpcf7cf_steps\" value=\"{}\" \/>\n<input type=\"hidden\" name=\"_wpcf7cf_options\" value=\"{&quot;form_id&quot;:205,&quot;conditions&quot;:[],&quot;settings&quot;:{&quot;animation&quot;:&quot;no&quot;,&quot;animation_intime&quot;:&quot;200&quot;,&quot;animation_outtime&quot;:&quot;200&quot;,&quot;conditions_ui&quot;:&quot;normal&quot;,&quot;notice_dismissed&quot;:&quot;&quot;}}\" \/>\n<\/div>\n<div class=\"form-group\">\n  <label for=\"your-name\">Seu nome: <\/label>\n  <div class=\"form-group your-name\"><input class=\"wpcf7-form-control wpcf7-text wpcf7-validates-as-required form-control\" name=\"your-name\" type=\"text\" value=\"\" aria-invalid=\"false\" aria-required=\"true\" required><\/div>\n<\/div>\n\n<div class=\"form-group\">\n  <label for=\"your-name\">Seu email: <\/label>\n <div class=\"form-group your-email\"><input class=\"wpcf7-form-control wpcf7-text wpcf7-email wpcf7-validates-as-required wpcf7-validates-as-email form-control\" name=\"your-email\" type=\"email\" value=\"\" aria-invalid=\"false\" aria-required=\"true\" required><\/div>\n<\/div>\n\n<div class=\"form-group\">\n  <label for=\"your-name\">Assunto: <\/label>\n<div class=\"form-group your-subject\"><input class=\"wpcf7-form-control wpcf7-text form-control\" name=\"your-subject\" type=\"text\" value=\"\" aria-invalid=\"false\"><\/div>\n<\/div>\n\n\n<p>Sua mensagem<br \/>\n    <div class=\"form-group your-message\"><textarea class=\"wpcf7-form-control wpcf7-textarea form-control\" name=\"your-message\" rows=\"4\" aria-invalid=\"false\"><\/textarea><\/div> <\/p>\n\n <div class=\"form-group\"><input type=\"hidden\" name=\"_wpcf7_captcha_challenge_your-captcha\" value=\"1690968423\" \/><img class=\"wpcf7-form-control wpcf7-captchac wpcf7-captcha-your-captcha\" width=\"72\" height=\"24\" alt=\"captcha\" src=\"https:\/\/sindica.com.br\/site\/wp-content\/uploads\/wpcf7_captcha\/1690968423.png\" \/><\/div>  \n<div class=\"form-group your-captcha\"><input class=\"wpcf7-form-control wpcf7-text wpcf7-captchar form-control\" name=\"your-captcha\" type=\"text\" value=\"\" maxlength=\"100\" aria-invalid=\"false\"><\/div>\n\n<small>Digite o c\u00f3digo acima no campo para enviar a mensagem<\/small>\n\n<p><div class=\"form-group\"><div><input class=\"wpcf7-form-control wpcf7-submit btn btn-primary\" type=\"submit\" value=\"ENVIAR MENSAGEM\"><\/div><\/div><\/p><div class=\"wpcf7-response-output alert alert-warning\"><\/div>\n<\/form>\n<\/div>\n\n<p>&nbsp;<\/p>\n","protected":false},"excerpt":{"rendered":"<p>Teremos grande satisfa\u00e7\u00e3o em atend\u00ea-lo. D\u00favidas, sugest\u00f5es, reclama\u00e7\u00f5es ou elogios, preencha o formul\u00e1rio abaixo ou ligue para os fones: (91) 3259-2220 \/ (91) 3259-1867 \/ (91) 98136-0060 \/ (91) 98869-5363 \/ (91) 99131-2075 &nbsp;<\/p>\n","protected":false},"author":1,"featured_media":0,"parent":0,"menu_order":0,"comment_status":"closed","ping_status":"closed","template":"full-width.php","meta":[],"_links":{"self":[{"href":"https:\/\/sindica.com.br\/site\/wp-json\/wp\/v2\/pages\/30"}],"collection":[{"href":"https:\/\/sindica.com.br\/site\/wp-json\/wp\/v2\/pages"}],"about":[{"href":"https:\/\/sindica.com.br\/site\/wp-json\/wp\/v2\/types\/page"}],"author":[{"embeddable":true,"href":"https:\/\/sindica.com.br\/site\/wp-json\/wp\/v2\/users\/1"}],"replies":[{"embeddable":true,"href":"https:\/\/sindica.com.br\/site\/wp-json\/wp\/v2\/comments?post=30"}],"version-history":[{"count":0,"href":"https:\/\/sindica.com.br\/site\/wp-json\/wp\/v2\/pages\/30\/revisions"}],"wp:attachment":[{"href":"https:\/\/sindica.com.br\/site\/wp-json\/wp\/v2\/media?parent=30"}],"curies":[{"name":"wp","href":"https:\/\/api.w.org\/{rel}","templated":true}]}}