{"id":57,"date":"2014-10-28T18:54:07","date_gmt":"2014-10-28T18:54:07","guid":{"rendered":"http:\/\/cleisoncarlos.com\/clientes\/?page_id=57"},"modified":"2023-05-18T23:44:53","modified_gmt":"2023-05-18T23:44:53","slug":"quem-somos","status":"publish","type":"page","link":"https:\/\/sindica.com.br\/site\/quem-somos\/","title":{"rendered":"Quem somos"},"content":{"rendered":"<p align=\"justify\"><span style=\"font-family: Times New Roman, serif;\"><span style=\"font-size: medium;\"><span style=\"color: #374151;\"><span style=\"font-family: Segoe UI, serif;\">No ano 2000, duas amigas, Dra. Jandira Soares e Prof. Gra\u00e7a Vilhena, decidiram unir seus conhecimentos adquiridos como s\u00edndicas durante muitos anos para criar uma empresa que pudesse oferecer um servi\u00e7o de assessoria administrativa de condom\u00ednios de m\u00e9dio e grande porte no estado do Par\u00e1.<\/span><\/span><\/span><\/span><\/p>\n<p align=\"justify\"><span style=\"color: #374151;\"> <span style=\"font-family: Times New Roman, serif;\"><span style=\"font-size: medium;\"><span style=\"font-family: Segoe UI, serif;\">Com o objetivo de buscar um <\/span><\/span><span style=\"font-family: Segoe UI, serif;\"><i>know-how<\/i><\/span><span style=\"font-family: Segoe UI, serif;\"> fora do estado<\/span><span style=\"font-family: Segoe UI, serif;\"><i>,<\/i><\/span><span style=\"font-family: Segoe UI, serif;\"> ou seja, buscar maior conhecimento e experi\u00eancia empresarial, elas estabeleceram parcerias com empresas de vasta experi\u00eancia no setor e passaram a investir em talento humano e tecnologia para oferecer um servi\u00e7o de qualidade<\/span><\/span><\/span><\/p>\n<p align=\"justify\"><span style=\"font-family: Times New Roman, serif;\"><span style=\"font-size: medium;\"><span style=\"color: #374151;\"><span style=\"font-family: Segoe UI, serif;\"><img decoding=\"async\" loading=\"lazy\" class=\"wp-image-1018 aligncenter\" src=\"https:\/\/sindica.com.br\/site\/wp-content\/uploads\/2023\/05\/logo1.png\" alt=\"\" width=\"184\" height=\"219\" srcset=\"https:\/\/sindica.com.br\/site\/wp-content\/uploads\/2023\/05\/logo1.png 374w, https:\/\/sindica.com.br\/site\/wp-content\/uploads\/2023\/05\/logo1-252x300.png 252w\" sizes=\"(max-width: 184px) 100vw, 184px\" \/><\/span><\/span><\/span><\/span><\/p>\n<p align=\"justify\"><span style=\"font-family: Times New Roman, serif;\"><span style=\"font-size: medium;\"><span style=\"color: #374151;\"><span style=\"font-family: Segoe UI, serif;\">Em pouco tempo, a empresa chamada SINDICA\u00ae j\u00e1 possu\u00eda um selo de qualidade concedido pelo Sindicato dos Condom\u00ednios do Estado do Par\u00e1 \u2013 SINDCON, tornando-se a \u00fanica no estado a receber tal reconhecimento. Com uma equipe de mais de 190 funcion\u00e1rios altamente capacitados, a empresa foi capaz de prestar um servi\u00e7o excepcional aos seus clientes.<\/span><\/span><\/span><\/span><\/p>\n<p align=\"justify\"><span style=\"font-family: Times New Roman, serif;\"><span style=\"font-size: medium;\"><span style=\"color: #374151;\"><span style=\"font-family: Segoe UI, serif;\">SINDICA\u00ae rapidamente conquistou a confian\u00e7a de seus clientes, que se beneficiavam de servi\u00e7os como presta\u00e7\u00f5es de contas, seguro obrigat\u00f3rio, vistoria do corpo de bombeiros, recursos humanos, manuten\u00e7\u00f5es do condom\u00ednio, entre outros.<\/span><\/span><\/span><\/span><\/p>\n<p align=\"justify\"><span style=\"font-family: Times New Roman, serif;\"><span style=\"font-size: medium;\"><span style=\"color: #374151;\"><span style=\"font-family: Segoe UI, serif;\">Com mais de 100 condom\u00ednios sob sua assessoria, a empresa se tornou refer\u00eancia no mercado de administra\u00e7\u00e3o de condom\u00ednios residenciais e comerciais, proporcionando maior tranquilidade, seguran\u00e7a e qualidade de vida para seus cond\u00f4minos.<\/span><\/span><\/span><\/span><\/p>\n<p align=\"justify\"><span style=\"font-family: Times New Roman, serif;\"><span style=\"font-size: medium;\"><span style=\"color: #374151;\"><span style=\"font-family: Segoe UI, serif;\"><img decoding=\"async\" loading=\"lazy\" class=\"wp-image-1019  aligncenter\" src=\"https:\/\/sindica.com.br\/site\/wp-content\/uploads\/2023\/05\/logo2-300x300.jpg\" alt=\"\" width=\"204\" height=\"204\" srcset=\"https:\/\/sindica.com.br\/site\/wp-content\/uploads\/2023\/05\/logo2-300x300.jpg 300w, https:\/\/sindica.com.br\/site\/wp-content\/uploads\/2023\/05\/logo2-150x150.jpg 150w, https:\/\/sindica.com.br\/site\/wp-content\/uploads\/2023\/05\/logo2.jpg 593w\" sizes=\"(max-width: 204px) 100vw, 204px\" \/><\/span><\/span><\/span><\/span><\/p>\n<p align=\"justify\"><span style=\"font-family: Times New Roman, serif;\"><span style=\"font-size: medium;\"><span style=\"color: #374151;\"><span style=\"font-family: Segoe UI, serif;\">Hoje, a miss\u00e3o da SINDICA\u00ae continua a mesma desde o in\u00edcio: prestar servi\u00e7os com qualidade e transpar\u00eancia, que facilitem a gest\u00e3o administrativa do(a) s\u00edndico(a) em condom\u00ednios residenciais e comerciais. Enquanto isso, a vis\u00e3o da empresa \u00e9 se tornar a melhor empresa consultora e prestadora de servi\u00e7os de administra\u00e7\u00e3o de condom\u00ednios do estado do Par\u00e1, sendo reconhecida como uma refer\u00eancia em transpar\u00eancia<\/span><\/span><\/span><\/span><\/p>\n<p align=\"justify\"><span style=\"font-family: Times New Roman, serif;\"><span style=\"font-size: medium;\"><span style=\"color: #374151;\"><span style=\"font-family: Segoe UI, serif;\">Com anos de experi\u00eancia e um compromisso inabal\u00e1vel com a excel\u00eancia, a SINDICA\u00ae continua a ser uma escolha segura e s\u00f3lida para aqueles que buscam um servi\u00e7o de qualidade em administra\u00e7\u00e3o de condom\u00ednios.<\/span><\/span><\/span><\/span><\/p>\n","protected":false},"excerpt":{"rendered":"<p>No ano 2000, duas amigas, Dra. Jandira Soares e Prof. Gra\u00e7a Vilhena, decidiram unir seus conhecimentos adquiridos como s\u00edndicas durante muitos anos para criar uma empresa que pudesse oferecer um servi\u00e7o de assessoria administrativa de condom\u00ednios de m\u00e9dio e grande porte no estado do Par\u00e1. Com o objetivo de buscar um know-how fora do estado, [&hellip;]<\/p>\n","protected":false},"author":1,"featured_media":0,"parent":0,"menu_order":0,"comment_status":"open","ping_status":"open","template":"","meta":[],"_links":{"self":[{"href":"https:\/\/sindica.com.br\/site\/wp-json\/wp\/v2\/pages\/57"}],"collection":[{"href":"https:\/\/sindica.com.br\/site\/wp-json\/wp\/v2\/pages"}],"about":[{"href":"https:\/\/sindica.com.br\/site\/wp-json\/wp\/v2\/types\/page"}],"author":[{"embeddable":true,"href":"https:\/\/sindica.com.br\/site\/wp-json\/wp\/v2\/users\/1"}],"replies":[{"embeddable":true,"href":"https:\/\/sindica.com.br\/site\/wp-json\/wp\/v2\/comments?post=57"}],"version-history":[{"count":5,"href":"https:\/\/sindica.com.br\/site\/wp-json\/wp\/v2\/pages\/57\/revisions"}],"predecessor-version":[{"id":1017,"href":"https:\/\/sindica.com.br\/site\/wp-json\/wp\/v2\/pages\/57\/revisions\/1017"}],"wp:attachment":[{"href":"https:\/\/sindica.com.br\/site\/wp-json\/wp\/v2\/media?parent=57"}],"curies":[{"name":"wp","href":"https:\/\/api.w.org\/{rel}","templated":true}]}}