{"id":63,"date":"2014-10-28T18:54:59","date_gmt":"2014-10-28T18:54:59","guid":{"rendered":"http:\/\/cleisoncarlos.com\/clientes\/?page_id=63"},"modified":"2023-05-18T23:50:18","modified_gmt":"2023-05-18T23:50:18","slug":"investimentos","status":"publish","type":"page","link":"https:\/\/sindica.com.br\/site\/investimentos\/","title":{"rendered":"Investimentos"},"content":{"rendered":"<p><span style=\"font-family: Times New Roman, serif;\"><span style=\"font-size: medium;\"><span style=\"color: #374151;\"><span style=\"font-family: Segoe UI, serif;\">Se voc\u00ea \u00e9 um s\u00edndico ou faz parte da administra\u00e7\u00e3o de um condom\u00ednio, provavelmente j\u00e1 deve ter se perguntado qual \u00e9 a melhor forma de gerir as finan\u00e7as e manter a seguran\u00e7a e manuten\u00e7\u00e3o predial em dia. \u00c9 comum que essas tarefas sobrecarreguem os s\u00edndicos, que muitas vezes n\u00e3o possuem a capacita\u00e7\u00e3o necess\u00e1ria para lidar com essas demandas. Por isso, a Empresa S\u00edndica pode ser a solu\u00e7\u00e3o que voc\u00ea procura.<\/span><\/span><\/span><\/span><\/p>\n<ul>\n<li>\n<p><span style=\"font-family: Times New Roman, serif;\"><span style=\"font-size: medium;\"><span style=\"color: #374151;\"><span style=\"font-family: Segoe UI, serif;\">Nossa equipe \u00e9 formada por profissionais com n\u00edvel t\u00e9cnico e superior em Administra\u00e7\u00e3o de Empresas, Auditoria, Direito e Contabilidade, que est\u00e3o sempre atualizados com as \u00faltimas tend\u00eancias do mercado. Todos os anos, participamos de congressos de n\u00edvel nacional em outros estados, buscando sempre trazer o melhor para nossos clientes.<\/span><\/span><\/span><\/span><\/p>\n<\/li>\n<li>\n<p><span style=\"font-family: Times New Roman, serif;\"><span style=\"font-size: medium;\"><span style=\"color: #374151;\"><span style=\"font-family: Segoe UI, serif;\">Al\u00e9m disso, nossos funcion\u00e1rios do Departamento de Pessoal, Financeiro, Operacional e Log\u00edstica, bem como aqueles que operam os softwares que integram nossa gest\u00e3o condominial, s\u00e3o inscritos em cursos t\u00e9cnicos das mais altas qualidades. Realizamos treinamento e palestras sobre seguran\u00e7a e manuten\u00e7\u00e3o predial, garantindo que nossos funcion\u00e1rios estejam sempre atualizados e capacitados.<\/span><\/span><\/span><\/span><\/p>\n<\/li>\n<li>\n<p><span style=\"font-family: Times New Roman, serif;\"><span style=\"font-size: medium;\"><span style=\"color: #374151;\"><span style=\"font-family: Segoe UI, serif;\">Outro diferencial da Empresa S\u00edndica \u00e9 o programa \u201cS\u00cdNDICA\u00ae vai ao Condom\u00ednio\u201d: neste servi\u00e7o, nossa psic\u00f3loga faz o treinamento <\/span><\/span><span style=\"color: #374151;\"><span style=\"font-family: Segoe UI, serif;\"><i>in loco<\/i><\/span><\/span><span style=\"color: #374151;\"><span style=\"font-family: Segoe UI, serif;\"> dos funcion\u00e1rios do condom\u00ednio, abordando temas como seguran\u00e7a, postura e rotinas das atividades de cada um. Isso garante um ambiente mais seguro e produtivo para todos.<\/span><\/span><\/span><\/span><\/p>\n<\/li>\n<li>\n<p><span style=\"font-family: Times New Roman, serif;\"><span style=\"font-size: medium;\"><span style=\"color: #374151;\"><span style=\"font-family: Segoe UI, serif;\">Temos um escrit\u00f3rio de f\u00e1cil localiza\u00e7\u00e3o e bem estruturado, com mais de duzentos metros quadrados, al\u00e9m de uma frota de ve\u00edculos motor e ve\u00edculo el\u00e9trico para suporte dos supervisores, malote e plant\u00e3o 24 horas. Utilizamos os melhores softwares do pa\u00eds em automa\u00e7\u00e3o condominial e cada funcion\u00e1rio do escrit\u00f3rio possui seu pr\u00f3prio computador, interligados em rede. Nosso servidor tem alta capacidade de armazenamento de dados e processador de alta performance.<\/span><\/span><\/span><\/span><\/p>\n<\/li>\n<li>\n<p><span style=\"font-family: Times New Roman, serif;\"><span style=\"font-size: medium;\"><span style=\"color: #374151;\"><span style=\"font-family: Segoe UI, serif;\">Ainda, contamos com uma central telef\u00f4nica digital que permite que cada cliente ligue direto para seu gerente sem interm\u00e9dio de recepcionista, bem como linhas de telefonia m\u00f3vel de todas as operadoras. E para garantir uma melhor experi\u00eancia de navega\u00e7\u00e3o em nosso site, utilizamos um sistema responsivo para melhor visualiza\u00e7\u00e3o e manuseio, quando acessado por smartphones e tablets.<\/span><\/span><\/span><\/span><\/p>\n<\/li>\n<\/ul>\n<p><span style=\"font-family: Times New Roman, serif;\"><span style=\"font-size: medium;\"><span style=\"color: #374151;\"><span style=\"font-family: Segoe UI, serif;\">Com tudo isso, fica claro que contratar a Empresa S\u00edndica \u00e9 a melhor escolha para gerir seu condom\u00ednio. Oferecemos uma equipe altamente capacitada, servi\u00e7os personalizados e tecnologia de ponta para garantir a seguran\u00e7a e a tranquilidade de todos os moradores. N\u00e3o perca mais tempo, entre em contato conosco e descubra como podemos ajudar seu condom\u00ednio a crescer e se desenvolver de forma sustent\u00e1vel.<\/span><\/span><\/span><\/span><\/p>\n","protected":false},"excerpt":{"rendered":"<p>Se voc\u00ea \u00e9 um s\u00edndico ou faz parte da administra\u00e7\u00e3o de um condom\u00ednio, provavelmente j\u00e1 deve ter se perguntado qual \u00e9 a melhor forma de gerir as finan\u00e7as e manter a seguran\u00e7a e manuten\u00e7\u00e3o predial em dia. \u00c9 comum que essas tarefas sobrecarreguem os s\u00edndicos, que muitas vezes n\u00e3o possuem a capacita\u00e7\u00e3o necess\u00e1ria para lidar [&hellip;]<\/p>\n","protected":false},"author":1,"featured_media":0,"parent":0,"menu_order":0,"comment_status":"open","ping_status":"open","template":"","meta":[],"_links":{"self":[{"href":"https:\/\/sindica.com.br\/site\/wp-json\/wp\/v2\/pages\/63"}],"collection":[{"href":"https:\/\/sindica.com.br\/site\/wp-json\/wp\/v2\/pages"}],"about":[{"href":"https:\/\/sindica.com.br\/site\/wp-json\/wp\/v2\/types\/page"}],"author":[{"embeddable":true,"href":"https:\/\/sindica.com.br\/site\/wp-json\/wp\/v2\/users\/1"}],"replies":[{"embeddable":true,"href":"https:\/\/sindica.com.br\/site\/wp-json\/wp\/v2\/comments?post=63"}],"version-history":[{"count":2,"href":"https:\/\/sindica.com.br\/site\/wp-json\/wp\/v2\/pages\/63\/revisions"}],"predecessor-version":[{"id":1025,"href":"https:\/\/sindica.com.br\/site\/wp-json\/wp\/v2\/pages\/63\/revisions\/1025"}],"wp:attachment":[{"href":"https:\/\/sindica.com.br\/site\/wp-json\/wp\/v2\/media?parent=63"}],"curies":[{"name":"wp","href":"https:\/\/api.w.org\/{rel}","templated":true}]}}