{"id":66,"date":"2014-10-28T18:55:24","date_gmt":"2014-10-28T18:55:24","guid":{"rendered":"http:\/\/cleisoncarlos.com\/clientes\/?page_id=66"},"modified":"2019-03-03T22:39:11","modified_gmt":"2019-03-03T22:39:11","slug":"eventos","status":"publish","type":"page","link":"https:\/\/sindica.com.br\/site\/eventos\/","title":{"rendered":"Eventos t\u00e9cnicos"},"content":{"rendered":"<p style=\"text-align: justify;\">Nossa busca \u00e9 constante por tend\u00eancias, novidades e informa\u00e7\u00f5es no universo do mercado imobili\u00e1rio, visamos o constante aperfei\u00e7oamento tecnol\u00f3gico, tal ento humano e qualidade em nossos servi\u00e7os, por isso a Empresa Sindica\u00ae sempre se faz presente nos principais eventos de n\u00edvel nacional e internacional do setor condominial al\u00e9m de realizar treinamentos e palestras. Confira abaixo nosso calend\u00e1rio de eventos e os eventos que participamos.<\/p>\n<hr \/>\n<hr \/>\n","protected":false},"excerpt":{"rendered":"<p>Nossa busca \u00e9 constante por tend\u00eancias, novidades e informa\u00e7\u00f5es no universo do mercado imobili\u00e1rio, visamos o constante aperfei\u00e7oamento tecnol\u00f3gico, tal ento humano e qualidade em nossos servi\u00e7os, por isso a Empresa Sindica\u00ae sempre se faz presente nos principais eventos de n\u00edvel nacional e internacional do setor condominial al\u00e9m de realizar treinamentos e palestras. Confira abaixo [&hellip;]<\/p>\n","protected":false},"author":1,"featured_media":0,"parent":0,"menu_order":0,"comment_status":"open","ping_status":"open","template":"page_eventos.php","meta":[],"_links":{"self":[{"href":"https:\/\/sindica.com.br\/site\/wp-json\/wp\/v2\/pages\/66"}],"collection":[{"href":"https:\/\/sindica.com.br\/site\/wp-json\/wp\/v2\/pages"}],"about":[{"href":"https:\/\/sindica.com.br\/site\/wp-json\/wp\/v2\/types\/page"}],"author":[{"embeddable":true,"href":"https:\/\/sindica.com.br\/site\/wp-json\/wp\/v2\/users\/1"}],"replies":[{"embeddable":true,"href":"https:\/\/sindica.com.br\/site\/wp-json\/wp\/v2\/comments?post=66"}],"version-history":[{"count":4,"href":"https:\/\/sindica.com.br\/site\/wp-json\/wp\/v2\/pages\/66\/revisions"}],"predecessor-version":[{"id":903,"href":"https:\/\/sindica.com.br\/site\/wp-json\/wp\/v2\/pages\/66\/revisions\/903"}],"wp:attachment":[{"href":"https:\/\/sindica.com.br\/site\/wp-json\/wp\/v2\/media?parent=66"}],"curies":[{"name":"wp","href":"https:\/\/api.w.org\/{rel}","templated":true}]}}